{"id":791,"date":"2018-01-10T21:06:23","date_gmt":"2018-01-10T21:06:23","guid":{"rendered":"https:\/\/pafemtevaningen.com\/shop\/product\/jakala-vase-tapio-wirkkala-iittala\/"},"modified":"2023-05-11T08:14:43","modified_gmt":"2023-05-11T08:14:43","slug":"jakala-vase-tapio-wirkkala-iittala","status":"publish","type":"product","link":"https:\/\/pafemtevaningen.com\/shop\/product\/jakala-vase-tapio-wirkkala-iittala\/","title":{"rendered":"&#8220;J\u00e4k\u00e4l\u00e4&#8221; vase. Tapio Wirkkala. Iittala."},"content":{"rendered":"","protected":false},"excerpt":{"rendered":"<p>&#8220;J\u00e4k\u00e4l\u00e4&#8221; vase. Tapio Wirkkala for Iittala.<\/p>\n<p>H\/W 9.5\/8 cm (3.7\/3.1 in). Weight 560 g.<\/p>\n<p>Marked &#8220;Tapio Wirkkala Iittala -55&#8221;.<\/p>\n<p>Condition: Very good (minor wear).<\/p>\n","protected":false},"featured_media":792,"template":"","meta":[],"product_cat":[30],"product_tag":[462,139,463,62,464,141,43],"class_list":["post-791","product","type-product","status-publish","has-post-thumbnail","hentry","product_cat-sold","product_tag-finger-vase","product_tag-iittala","product_tag-jakala","product_tag-maljakko","product_tag-renlav","product_tag-tapio-wirkkala","product_tag-vas"],"_links":{"self":[{"href":"https:\/\/pafemtevaningen.com\/shop\/wp-json\/wp\/v2\/product\/791","targetHints":{"allow":["GET"]}}],"collection":[{"href":"https:\/\/pafemtevaningen.com\/shop\/wp-json\/wp\/v2\/product"}],"about":[{"href":"https:\/\/pafemtevaningen.com\/shop\/wp-json\/wp\/v2\/types\/product"}],"wp:featuredmedia":[{"embeddable":true,"href":"https:\/\/pafemtevaningen.com\/shop\/wp-json\/wp\/v2\/media\/792"}],"wp:attachment":[{"href":"https:\/\/pafemtevaningen.com\/shop\/wp-json\/wp\/v2\/media?parent=791"}],"wp:term":[{"taxonomy":"product_cat","embeddable":true,"href":"https:\/\/pafemtevaningen.com\/shop\/wp-json\/wp\/v2\/product_cat?post=791"},{"taxonomy":"product_tag","embeddable":true,"href":"https:\/\/pafemtevaningen.com\/shop\/wp-json\/wp\/v2\/product_tag?post=791"}],"curies":[{"name":"wp","href":"https:\/\/api.w.org\/{rel}","templated":true}]}}