{"id":7233,"date":"2026-03-26T08:13:36","date_gmt":"2026-03-26T08:13:36","guid":{"rendered":"https:\/\/pafemtevaningen.com\/shop\/?post_type=product&#038;p=7233"},"modified":"2026-03-26T08:13:36","modified_gmt":"2026-03-26T08:13:36","slug":"a-swedish-grace-flambe-vase-gunnar-nylund-rorstrand","status":"publish","type":"product","link":"https:\/\/pafemtevaningen.com\/shop\/product\/a-swedish-grace-flambe-vase-gunnar-nylund-rorstrand\/","title":{"rendered":"A swedish grace Flamb\u00e9 vase. Gunnar Nylund. R\u00f6rstrand."},"content":{"rendered":"","protected":false},"excerpt":{"rendered":"<p>A swedish grace Flamb\u00e9 vase with a nude female and does. Gunnar Nylund for ALP Lidk\u00f6ping, 1930\u2019s.<\/p>\n<p>H\/W 18.5\/13 cm (7.28\/5.12 in). Weight 790 g.<\/p>\n<p>Marked as pictured.<\/p>\n<p>Condition: Very good (minor wear consistent with age and use).<\/p>\n","protected":false},"featured_media":7234,"template":"","meta":[],"product_cat":[19,20],"product_tag":[],"class_list":["post-7233","product","type-product","status-publish","has-post-thumbnail","hentry","product_cat-ceramics","product_cat-sweden"],"_links":{"self":[{"href":"https:\/\/pafemtevaningen.com\/shop\/wp-json\/wp\/v2\/product\/7233","targetHints":{"allow":["GET"]}}],"collection":[{"href":"https:\/\/pafemtevaningen.com\/shop\/wp-json\/wp\/v2\/product"}],"about":[{"href":"https:\/\/pafemtevaningen.com\/shop\/wp-json\/wp\/v2\/types\/product"}],"wp:featuredmedia":[{"embeddable":true,"href":"https:\/\/pafemtevaningen.com\/shop\/wp-json\/wp\/v2\/media\/7234"}],"wp:attachment":[{"href":"https:\/\/pafemtevaningen.com\/shop\/wp-json\/wp\/v2\/media?parent=7233"}],"wp:term":[{"taxonomy":"product_cat","embeddable":true,"href":"https:\/\/pafemtevaningen.com\/shop\/wp-json\/wp\/v2\/product_cat?post=7233"},{"taxonomy":"product_tag","embeddable":true,"href":"https:\/\/pafemtevaningen.com\/shop\/wp-json\/wp\/v2\/product_tag?post=7233"}],"curies":[{"name":"wp","href":"https:\/\/api.w.org\/{rel}","templated":true}]}}