{"id":7084,"date":"2026-01-09T09:40:11","date_gmt":"2026-01-09T09:40:11","guid":{"rendered":"https:\/\/pafemtevaningen.com\/shop\/?post_type=product&#038;p=7084"},"modified":"2026-01-09T09:40:11","modified_gmt":"2026-01-09T09:40:11","slug":"an-eosin-flute-player-sculpture-janos-torok-szolnay","status":"publish","type":"product","link":"https:\/\/pafemtevaningen.com\/shop\/product\/an-eosin-flute-player-sculpture-janos-torok-szolnay\/","title":{"rendered":"An eosin flute player sculpture. J\u00e1nos T\u00f6r\u00f6k. Szolnay."},"content":{"rendered":"","protected":false},"excerpt":{"rendered":"<p>A flute player sculpture with red Eosin glaze. J\u00e1nos T\u00f6r\u00f6k for Szolnay, Pecs, early 1960&#8217;s.<\/p>\n<p>H\/W 19.5\/12-13 cm (7.68\/4.72-5.12 in). Weight 370 g.<\/p>\n<p>Marked with faint deep stampl \u201d??-785\/R\u201d.<\/p>\n<p>Condition: Very good (a small scratch, minor wear consistent with age and use).<\/p>\n","protected":false},"featured_media":7085,"template":"","meta":[],"product_cat":[19,21],"product_tag":[1303,1304,1300,1302,328,330,1301,291],"class_list":["post-7084","product","type-product","status-publish","has-post-thumbnail","hentry","product_cat-ceramics","product_cat-others","product_tag-eosin","product_tag-flute-player","product_tag-janos-torok","product_tag-pecs","product_tag-red","product_tag-sculpture","product_tag-szolnay","product_tag-vintage"],"_links":{"self":[{"href":"https:\/\/pafemtevaningen.com\/shop\/wp-json\/wp\/v2\/product\/7084","targetHints":{"allow":["GET"]}}],"collection":[{"href":"https:\/\/pafemtevaningen.com\/shop\/wp-json\/wp\/v2\/product"}],"about":[{"href":"https:\/\/pafemtevaningen.com\/shop\/wp-json\/wp\/v2\/types\/product"}],"wp:featuredmedia":[{"embeddable":true,"href":"https:\/\/pafemtevaningen.com\/shop\/wp-json\/wp\/v2\/media\/7085"}],"wp:attachment":[{"href":"https:\/\/pafemtevaningen.com\/shop\/wp-json\/wp\/v2\/media?parent=7084"}],"wp:term":[{"taxonomy":"product_cat","embeddable":true,"href":"https:\/\/pafemtevaningen.com\/shop\/wp-json\/wp\/v2\/product_cat?post=7084"},{"taxonomy":"product_tag","embeddable":true,"href":"https:\/\/pafemtevaningen.com\/shop\/wp-json\/wp\/v2\/product_tag?post=7084"}],"curies":[{"name":"wp","href":"https:\/\/api.w.org\/{rel}","templated":true}]}}