{"id":682,"date":"2017-08-04T07:23:01","date_gmt":"2017-08-04T07:23:01","guid":{"rendered":"https:\/\/pafemtevaningen.com\/shop\/product\/rooster-decanter-kaj-franck-nuutajarvi-notsjo\/"},"modified":"2023-05-11T08:13:37","modified_gmt":"2023-05-11T08:13:37","slug":"rooster-decanter-kaj-franck-nuutajarvi-notsjo","status":"publish","type":"product","link":"https:\/\/pafemtevaningen.com\/shop\/product\/rooster-decanter-kaj-franck-nuutajarvi-notsjo\/","title":{"rendered":"Rooster decanter. Kaj Franck. Nuutaj\u00e4rvi Notsj\u00f6."},"content":{"rendered":"","protected":false},"excerpt":{"rendered":"<p>Rooster decanter. Kaj Franck for Nuutaj\u00e4rvi Notsj\u00f6, executed in 1959.<\/p>\n<p>H 32.5 cm (12.8 in). Weight 500 g.<\/p>\n<p>Marked: &#8220;Kaj Franck Nuutaj\u00e4rvi Notsj\u00f6 -59&#8221;.<\/p>\n<p>Condition: Very good (a few very small scratchmarks).<\/p>\n","protected":false},"featured_media":683,"template":"","meta":[],"product_cat":[30],"product_tag":[50,411,412,413],"class_list":["post-682","product","type-product","status-publish","has-post-thumbnail","hentry","product_cat-sold","product_tag-kaj-franck","product_tag-kukkopullo","product_tag-nuutajarvi","product_tag-rooster-decanter"],"_links":{"self":[{"href":"https:\/\/pafemtevaningen.com\/shop\/wp-json\/wp\/v2\/product\/682","targetHints":{"allow":["GET"]}}],"collection":[{"href":"https:\/\/pafemtevaningen.com\/shop\/wp-json\/wp\/v2\/product"}],"about":[{"href":"https:\/\/pafemtevaningen.com\/shop\/wp-json\/wp\/v2\/types\/product"}],"wp:featuredmedia":[{"embeddable":true,"href":"https:\/\/pafemtevaningen.com\/shop\/wp-json\/wp\/v2\/media\/683"}],"wp:attachment":[{"href":"https:\/\/pafemtevaningen.com\/shop\/wp-json\/wp\/v2\/media?parent=682"}],"wp:term":[{"taxonomy":"product_cat","embeddable":true,"href":"https:\/\/pafemtevaningen.com\/shop\/wp-json\/wp\/v2\/product_cat?post=682"},{"taxonomy":"product_tag","embeddable":true,"href":"https:\/\/pafemtevaningen.com\/shop\/wp-json\/wp\/v2\/product_tag?post=682"}],"curies":[{"name":"wp","href":"https:\/\/api.w.org\/{rel}","templated":true}]}}