{"id":5658,"date":"2023-10-06T12:33:48","date_gmt":"2023-10-06T12:33:48","guid":{"rendered":"https:\/\/pafemtevaningen.com\/shop\/?post_type=product&#038;p=5658"},"modified":"2023-10-06T12:33:48","modified_gmt":"2023-10-06T12:33:48","slug":"det-har-ar-ett-urval-fran-dom-produkter-vi-presenterade-pa-antikmassan-2023-samtliga-produkter-finner-du-i-webbshopen","status":"publish","type":"product","link":"https:\/\/pafemtevaningen.com\/shop\/product\/det-har-ar-ett-urval-fran-dom-produkter-vi-presenterade-pa-antikmassan-2023-samtliga-produkter-finner-du-i-webbshopen\/","title":{"rendered":"Det h\u00e4r \u00e4r ett urval fr\u00e5n dom produkter vi presenterade p\u00e5 Antikm\u00e4ssan 2023. Samtliga produkter finner du i webbshopen."},"content":{"rendered":"","protected":false},"excerpt":{"rendered":"","protected":false},"featured_media":5659,"template":"","meta":[],"product_cat":[1043],"product_tag":[],"class_list":["post-5658","product","type-product","status-publish","has-post-thumbnail","hentry","product_cat-showroom"],"_links":{"self":[{"href":"https:\/\/pafemtevaningen.com\/shop\/wp-json\/wp\/v2\/product\/5658","targetHints":{"allow":["GET"]}}],"collection":[{"href":"https:\/\/pafemtevaningen.com\/shop\/wp-json\/wp\/v2\/product"}],"about":[{"href":"https:\/\/pafemtevaningen.com\/shop\/wp-json\/wp\/v2\/types\/product"}],"wp:featuredmedia":[{"embeddable":true,"href":"https:\/\/pafemtevaningen.com\/shop\/wp-json\/wp\/v2\/media\/5659"}],"wp:attachment":[{"href":"https:\/\/pafemtevaningen.com\/shop\/wp-json\/wp\/v2\/media?parent=5658"}],"wp:term":[{"taxonomy":"product_cat","embeddable":true,"href":"https:\/\/pafemtevaningen.com\/shop\/wp-json\/wp\/v2\/product_cat?post=5658"},{"taxonomy":"product_tag","embeddable":true,"href":"https:\/\/pafemtevaningen.com\/shop\/wp-json\/wp\/v2\/product_tag?post=5658"}],"curies":[{"name":"wp","href":"https:\/\/api.w.org\/{rel}","templated":true}]}}