{"id":5584,"date":"2023-09-07T14:06:43","date_gmt":"2023-09-07T14:06:43","guid":{"rendered":"https:\/\/pafemtevaningen.com\/shop\/?post_type=product&#038;p=5584"},"modified":"2023-09-07T14:06:43","modified_gmt":"2023-09-07T14:06:43","slug":"matta-vaggbonad-sodra-irak-sald","status":"publish","type":"product","link":"https:\/\/pafemtevaningen.com\/shop\/product\/matta-vaggbonad-sodra-irak-sald\/","title":{"rendered":"Matta\/ v\u00e4ggbonad, s\u00f6dra Irak, s\u00e5ld."},"content":{"rendered":"","protected":false},"excerpt":{"rendered":"","protected":false},"featured_media":5585,"template":"","meta":[],"product_cat":[1043],"product_tag":[],"class_list":["post-5584","product","type-product","status-publish","has-post-thumbnail","hentry","product_cat-showroom"],"_links":{"self":[{"href":"https:\/\/pafemtevaningen.com\/shop\/wp-json\/wp\/v2\/product\/5584","targetHints":{"allow":["GET"]}}],"collection":[{"href":"https:\/\/pafemtevaningen.com\/shop\/wp-json\/wp\/v2\/product"}],"about":[{"href":"https:\/\/pafemtevaningen.com\/shop\/wp-json\/wp\/v2\/types\/product"}],"wp:featuredmedia":[{"embeddable":true,"href":"https:\/\/pafemtevaningen.com\/shop\/wp-json\/wp\/v2\/media\/5585"}],"wp:attachment":[{"href":"https:\/\/pafemtevaningen.com\/shop\/wp-json\/wp\/v2\/media?parent=5584"}],"wp:term":[{"taxonomy":"product_cat","embeddable":true,"href":"https:\/\/pafemtevaningen.com\/shop\/wp-json\/wp\/v2\/product_cat?post=5584"},{"taxonomy":"product_tag","embeddable":true,"href":"https:\/\/pafemtevaningen.com\/shop\/wp-json\/wp\/v2\/product_tag?post=5584"}],"curies":[{"name":"wp","href":"https:\/\/api.w.org\/{rel}","templated":true}]}}