{"id":5422,"date":"2023-07-03T10:23:04","date_gmt":"2023-07-03T10:23:04","guid":{"rendered":"https:\/\/pafemtevaningen.com\/shop\/?post_type=product&#038;p=5422"},"modified":"2023-07-03T10:24:22","modified_gmt":"2023-07-03T10:24:22","slug":"swirled-vase-wilhelm-kage-gustavsberg","status":"publish","type":"product","link":"https:\/\/pafemtevaningen.com\/shop\/product\/swirled-vase-wilhelm-kage-gustavsberg\/","title":{"rendered":"Swirled vase. Wilhelm K\u00e5ge. Gustavsberg."},"content":{"rendered":"","protected":false},"excerpt":{"rendered":"<p>Vase with swirl decor in greenish sand to brown glaze. Wilhelm K\u00e5ge, Bj\u00f6rn Alskog, Axel Pettersson &amp; Birger Arvidson (KAPA), K\u00e5ge Verkstad, Gustavsberg.<\/p>\n<p>H\/W 9\/14.5 cm (3.5\/5.7 in). Weight 580 g.<\/p>\n<p>Marked: &#8220;KAPA K\u00e5ge Verkstad&#8221; and on base ring repeatedly &#8220;Gustavsberg&#8221;.<\/p>\n<p>Condition: Very good.<\/p>\n","protected":false},"featured_media":5423,"template":"","meta":[],"product_cat":[19,20],"product_tag":[71,73,818,43,44,74],"class_list":["post-5422","product","type-product","status-publish","has-post-thumbnail","hentry","product_cat-ceramics","product_cat-sweden","product_tag-gustavsberg","product_tag-kapa","product_tag-swirl","product_tag-vas","product_tag-vase","product_tag-wilhelm-kage"],"_links":{"self":[{"href":"https:\/\/pafemtevaningen.com\/shop\/wp-json\/wp\/v2\/product\/5422","targetHints":{"allow":["GET"]}}],"collection":[{"href":"https:\/\/pafemtevaningen.com\/shop\/wp-json\/wp\/v2\/product"}],"about":[{"href":"https:\/\/pafemtevaningen.com\/shop\/wp-json\/wp\/v2\/types\/product"}],"wp:featuredmedia":[{"embeddable":true,"href":"https:\/\/pafemtevaningen.com\/shop\/wp-json\/wp\/v2\/media\/5423"}],"wp:attachment":[{"href":"https:\/\/pafemtevaningen.com\/shop\/wp-json\/wp\/v2\/media?parent=5422"}],"wp:term":[{"taxonomy":"product_cat","embeddable":true,"href":"https:\/\/pafemtevaningen.com\/shop\/wp-json\/wp\/v2\/product_cat?post=5422"},{"taxonomy":"product_tag","embeddable":true,"href":"https:\/\/pafemtevaningen.com\/shop\/wp-json\/wp\/v2\/product_tag?post=5422"}],"curies":[{"name":"wp","href":"https:\/\/api.w.org\/{rel}","templated":true}]}}