{"id":445,"date":"2015-12-07T16:17:36","date_gmt":"2015-12-07T16:17:36","guid":{"rendered":"https:\/\/pafemtevaningen.com\/shop\/product\/i-ahlenius-bjork-ystad\/"},"modified":"2023-05-11T08:10:56","modified_gmt":"2023-05-11T08:10:56","slug":"i-ahlenius-bjork-ystad","status":"publish","type":"product","link":"https:\/\/pafemtevaningen.com\/shop\/product\/i-ahlenius-bjork-ystad\/","title":{"rendered":"I \u00c5hlenius Bj\u00f6rk. Ystad."},"content":{"rendered":"","protected":false},"excerpt":{"rendered":"<p>Brass vase. Ivar \u00c5hlenius-Bj\u00f6rk for Ystad Metall.<\/p>\n<p>H 31 cm (12.2 in). Weight 630 g.<\/p>\n<p>Marked: &#8220;[I\u00c5B monogram] Ystad-Metall made in Sweden&#8221;.<\/p>\n<p>Condition: Very good (polished without coating, minor stains and wear).<\/p>\n","protected":false},"featured_media":446,"template":"","meta":[],"product_cat":[27,23],"product_tag":[31,207,288,113,124,43,289],"class_list":["post-445","product","type-product","status-publish","has-post-thumbnail","hentry","product_cat-miscellaneous","product_cat-various","product_tag-art-deco","product_tag-funkis","product_tag-ivar-ahlenius-bjork","product_tag-massing","product_tag-swedish-grace","product_tag-vas","product_tag-ystad-metall"],"_links":{"self":[{"href":"https:\/\/pafemtevaningen.com\/shop\/wp-json\/wp\/v2\/product\/445","targetHints":{"allow":["GET"]}}],"collection":[{"href":"https:\/\/pafemtevaningen.com\/shop\/wp-json\/wp\/v2\/product"}],"about":[{"href":"https:\/\/pafemtevaningen.com\/shop\/wp-json\/wp\/v2\/types\/product"}],"wp:featuredmedia":[{"embeddable":true,"href":"https:\/\/pafemtevaningen.com\/shop\/wp-json\/wp\/v2\/media\/446"}],"wp:attachment":[{"href":"https:\/\/pafemtevaningen.com\/shop\/wp-json\/wp\/v2\/media?parent=445"}],"wp:term":[{"taxonomy":"product_cat","embeddable":true,"href":"https:\/\/pafemtevaningen.com\/shop\/wp-json\/wp\/v2\/product_cat?post=445"},{"taxonomy":"product_tag","embeddable":true,"href":"https:\/\/pafemtevaningen.com\/shop\/wp-json\/wp\/v2\/product_tag?post=445"}],"curies":[{"name":"wp","href":"https:\/\/api.w.org\/{rel}","templated":true}]}}