{"id":2371,"date":"2022-10-06T08:01:51","date_gmt":"2022-10-06T08:01:51","guid":{"rendered":"https:\/\/pafemtevaningen.com\/shop\/product\/black-vase-carl-harry-stalhane-rorstrand\/"},"modified":"2023-05-11T08:42:30","modified_gmt":"2023-05-11T08:42:30","slug":"black-vase-carl-harry-stalhane-rorstrand","status":"publish","type":"product","link":"https:\/\/pafemtevaningen.com\/shop\/product\/black-vase-carl-harry-stalhane-rorstrand\/","title":{"rendered":"Black vase. Carl-Harry St\u00e5lhane. R\u00f6rstrand."},"content":{"rendered":"","protected":false},"excerpt":{"rendered":"<p>Black vase. Carl-Harry St\u00e5lhane for R\u00f6rstrand.<\/p>\n<p>H\/W 11\/9.5 cm (4.33\/3.74 in). Weight 270 g.<\/p>\n<p>Marked: \u201d[R\u00f6rstrand studio mark] Sweden CHS SYM\u201d.<\/p>\n<p>Condition: Very good (minor wear consistent with age and use).<\/p>\n","protected":false},"featured_media":2372,"template":"","meta":[],"product_cat":[19,20],"product_tag":[717,349,180,927,928,43,44],"class_list":["post-2371","product","type-product","status-publish","has-post-thumbnail","hentry","product_cat-ceramics","product_cat-sweden","product_tag-black","product_tag-carl-harry-stalhane","product_tag-rorstrand","product_tag-svart","product_tag-sym","product_tag-vas","product_tag-vase"],"_links":{"self":[{"href":"https:\/\/pafemtevaningen.com\/shop\/wp-json\/wp\/v2\/product\/2371","targetHints":{"allow":["GET"]}}],"collection":[{"href":"https:\/\/pafemtevaningen.com\/shop\/wp-json\/wp\/v2\/product"}],"about":[{"href":"https:\/\/pafemtevaningen.com\/shop\/wp-json\/wp\/v2\/types\/product"}],"wp:featuredmedia":[{"embeddable":true,"href":"https:\/\/pafemtevaningen.com\/shop\/wp-json\/wp\/v2\/media\/2372"}],"wp:attachment":[{"href":"https:\/\/pafemtevaningen.com\/shop\/wp-json\/wp\/v2\/media?parent=2371"}],"wp:term":[{"taxonomy":"product_cat","embeddable":true,"href":"https:\/\/pafemtevaningen.com\/shop\/wp-json\/wp\/v2\/product_cat?post=2371"},{"taxonomy":"product_tag","embeddable":true,"href":"https:\/\/pafemtevaningen.com\/shop\/wp-json\/wp\/v2\/product_tag?post=2371"}],"curies":[{"name":"wp","href":"https:\/\/api.w.org\/{rel}","templated":true}]}}