{"id":1919,"date":"2021-12-14T14:54:38","date_gmt":"2021-12-14T14:54:38","guid":{"rendered":"https:\/\/pafemtevaningen.com\/shop\/product\/unique-vase-with-hands-bjorn-weckstrom-nuutajarvi-notsjo\/"},"modified":"2023-05-11T08:35:39","modified_gmt":"2023-05-11T08:35:39","slug":"unique-vase-with-hands-bjorn-weckstrom-nuutajarvi-notsjo","status":"publish","type":"product","link":"https:\/\/pafemtevaningen.com\/shop\/product\/unique-vase-with-hands-bjorn-weckstrom-nuutajarvi-notsjo\/","title":{"rendered":"Unique vase with hands. Bj\u00f6rn Weckstr\u00f6m. Nuutaj\u00e4rvi Notsj\u00f6."},"content":{"rendered":"","protected":false},"excerpt":{"rendered":"<p>Unique vase with applied hands and lustrous effects. Bj\u00f6rn Weckstr\u00f6m for Nuutaj\u00e4rvi Notsj\u00f6.<\/p>\n<p>H\/W 15\/16 cm (5.91\/6.3 in). Weight 2.4 kg.<\/p>\n<p>Marked: \u201dBj\u00f6rn Weckstr\u00f6m Nuutaj\u00e4rvi Notsj\u00f6 -77\u201d.<\/p>\n<p>Conddition: Very good (wear to base, production flaws).<\/p>\n","protected":false},"featured_media":1920,"template":"","meta":[],"product_cat":[30],"product_tag":[834,62,127,128,129,43,44],"class_list":["post-1919","product","type-product","status-publish","has-post-thumbnail","hentry","product_cat-sold","product_tag-bjorn-weckstrom","product_tag-maljakko","product_tag-nuutajarvi-notsjo","product_tag-unik","product_tag-unique","product_tag-vas","product_tag-vase"],"_links":{"self":[{"href":"https:\/\/pafemtevaningen.com\/shop\/wp-json\/wp\/v2\/product\/1919","targetHints":{"allow":["GET"]}}],"collection":[{"href":"https:\/\/pafemtevaningen.com\/shop\/wp-json\/wp\/v2\/product"}],"about":[{"href":"https:\/\/pafemtevaningen.com\/shop\/wp-json\/wp\/v2\/types\/product"}],"wp:featuredmedia":[{"embeddable":true,"href":"https:\/\/pafemtevaningen.com\/shop\/wp-json\/wp\/v2\/media\/1920"}],"wp:attachment":[{"href":"https:\/\/pafemtevaningen.com\/shop\/wp-json\/wp\/v2\/media?parent=1919"}],"wp:term":[{"taxonomy":"product_cat","embeddable":true,"href":"https:\/\/pafemtevaningen.com\/shop\/wp-json\/wp\/v2\/product_cat?post=1919"},{"taxonomy":"product_tag","embeddable":true,"href":"https:\/\/pafemtevaningen.com\/shop\/wp-json\/wp\/v2\/product_tag?post=1919"}],"curies":[{"name":"wp","href":"https:\/\/api.w.org\/{rel}","templated":true}]}}