{"id":1891,"date":"2021-11-18T08:52:44","date_gmt":"2021-11-18T08:52:44","guid":{"rendered":"https:\/\/pafemtevaningen.com\/shop\/product\/vase-with-embossed-pattern-gertrud-lonegren-rorstrand\/"},"modified":"2023-05-11T08:35:14","modified_gmt":"2023-05-11T08:35:14","slug":"vase-with-embossed-pattern-gertrud-lonegren-rorstrand","status":"publish","type":"product","link":"https:\/\/pafemtevaningen.com\/shop\/product\/vase-with-embossed-pattern-gertrud-lonegren-rorstrand\/","title":{"rendered":"Vase with embossed pattern. Gertrud L\u00f6negren. R\u00f6rstrand."},"content":{"rendered":"","protected":false},"excerpt":{"rendered":"<p>Vase with embossed pattern. Gertrud L\u00f6negren for R\u00f6rstrand, c 1930&#8217;s.<\/p>\n<p>H\/W 13.5\/16.5 cm (5.31\/6.5 in). Weight 1.2 kg.<\/p>\n<p>Marked \u201dR\u00f6rstrand handdrejad L118 L\u00f6negren\u201d.<\/p>\n<p>Condition: Very good ( a couple of negligible, very small glaze chips on the edge of the base ring, a discrete, wide partial craquelure).<\/p>\n","protected":false},"featured_media":1892,"template":"","meta":[],"product_cat":[30],"product_tag":[829,830,180,43,44],"class_list":["post-1891","product","type-product","status-publish","has-post-thumbnail","hentry","product_cat-sold","product_tag-gertrud-lonegren","product_tag-kotte","product_tag-rorstrand","product_tag-vas","product_tag-vase"],"_links":{"self":[{"href":"https:\/\/pafemtevaningen.com\/shop\/wp-json\/wp\/v2\/product\/1891","targetHints":{"allow":["GET"]}}],"collection":[{"href":"https:\/\/pafemtevaningen.com\/shop\/wp-json\/wp\/v2\/product"}],"about":[{"href":"https:\/\/pafemtevaningen.com\/shop\/wp-json\/wp\/v2\/types\/product"}],"wp:featuredmedia":[{"embeddable":true,"href":"https:\/\/pafemtevaningen.com\/shop\/wp-json\/wp\/v2\/media\/1892"}],"wp:attachment":[{"href":"https:\/\/pafemtevaningen.com\/shop\/wp-json\/wp\/v2\/media?parent=1891"}],"wp:term":[{"taxonomy":"product_cat","embeddable":true,"href":"https:\/\/pafemtevaningen.com\/shop\/wp-json\/wp\/v2\/product_cat?post=1891"},{"taxonomy":"product_tag","embeddable":true,"href":"https:\/\/pafemtevaningen.com\/shop\/wp-json\/wp\/v2\/product_tag?post=1891"}],"curies":[{"name":"wp","href":"https:\/\/api.w.org\/{rel}","templated":true}]}}