{"id":1719,"date":"2021-05-21T06:42:23","date_gmt":"2021-05-21T06:42:23","guid":{"rendered":"https:\/\/pafemtevaningen.com\/shop\/product\/rare-kiwi-bird-kaj-franck-nuutajarvi-notsjo\/"},"modified":"2023-05-11T08:32:41","modified_gmt":"2023-05-11T08:32:41","slug":"rare-kiwi-bird-kaj-franck-nuutajarvi-notsjo","status":"publish","type":"product","link":"https:\/\/pafemtevaningen.com\/shop\/product\/rare-kiwi-bird-kaj-franck-nuutajarvi-notsjo\/","title":{"rendered":"Rare kiwi bird. Kaj Franck. Nuutaj\u00e4rvi Notsj\u00f6."},"content":{"rendered":"","protected":false},"excerpt":{"rendered":"<p>Rare kiwi bird in red. Kaj Franck for Nuutaj\u00e4rvi Notsj\u00f6.<\/p>\n<p>H\/L 3.5\/7 cm (1.38\/2.76 in). Weight 100 g.<\/p>\n<p>Marked: \u201dKaj Franck Nuutaj\u00e4rvi Notsj\u00f6\u201d and with worn label.<\/p>\n<p>Condition: Very good (negligible wear consistent with age and use).<\/p>\n","protected":false},"featured_media":1720,"template":"","meta":[],"product_cat":[30],"product_tag":[639,640,50,790,127,69],"class_list":["post-1719","product","type-product","status-publish","has-post-thumbnail","hentry","product_cat-sold","product_tag-bird","product_tag-fagel","product_tag-kaj-franck","product_tag-kiwi","product_tag-nuutajarvi-notsjo","product_tag-rare"],"_links":{"self":[{"href":"https:\/\/pafemtevaningen.com\/shop\/wp-json\/wp\/v2\/product\/1719","targetHints":{"allow":["GET"]}}],"collection":[{"href":"https:\/\/pafemtevaningen.com\/shop\/wp-json\/wp\/v2\/product"}],"about":[{"href":"https:\/\/pafemtevaningen.com\/shop\/wp-json\/wp\/v2\/types\/product"}],"wp:featuredmedia":[{"embeddable":true,"href":"https:\/\/pafemtevaningen.com\/shop\/wp-json\/wp\/v2\/media\/1720"}],"wp:attachment":[{"href":"https:\/\/pafemtevaningen.com\/shop\/wp-json\/wp\/v2\/media?parent=1719"}],"wp:term":[{"taxonomy":"product_cat","embeddable":true,"href":"https:\/\/pafemtevaningen.com\/shop\/wp-json\/wp\/v2\/product_cat?post=1719"},{"taxonomy":"product_tag","embeddable":true,"href":"https:\/\/pafemtevaningen.com\/shop\/wp-json\/wp\/v2\/product_tag?post=1719"}],"curies":[{"name":"wp","href":"https:\/\/api.w.org\/{rel}","templated":true}]}}