{"id":1573,"date":"2020-11-01T20:37:00","date_gmt":"2020-11-01T20:37:00","guid":{"rendered":"https:\/\/pafemtevaningen.com\/shop\/product\/elephant-bjorn-tradgardh-firma-svenskt-tenn\/"},"modified":"2023-05-11T08:30:27","modified_gmt":"2023-05-11T08:30:27","slug":"elephant-bjorn-tradgardh-firma-svenskt-tenn","status":"publish","type":"product","link":"https:\/\/pafemtevaningen.com\/shop\/product\/elephant-bjorn-tradgardh-firma-svenskt-tenn\/","title":{"rendered":"Elephant. Bj\u00f6rn Tr\u00e4g\u00e5rdh. Firma Svenskt Tenn."},"content":{"rendered":"","protected":false},"excerpt":{"rendered":"<p>Elefant. Bj\u00f6rn Tr\u00e4g\u00e5rdh for Firma Svenskt Tenn, early 1930&#8217;s. This example produced in 1945.<\/p>\n<p>Marked as pictured.<\/p>\n<p>H\/L 10\/13 cm (3.94\/5.12 in). Weight 1160 g.<\/p>\n<p>Condition: Very good (patina and wear consistent with age and use).<\/p>\n","protected":false},"featured_media":1574,"template":"","meta":[],"product_cat":[30],"product_tag":[752,103,104,281,226,122],"class_list":["post-1573","product","type-product","status-publish","has-post-thumbnail","hentry","product_cat-sold","product_tag-bjorn-tradgardh","product_tag-elefant","product_tag-elephant","product_tag-figure","product_tag-firma-svenskt-tenn","product_tag-pewter"],"_links":{"self":[{"href":"https:\/\/pafemtevaningen.com\/shop\/wp-json\/wp\/v2\/product\/1573","targetHints":{"allow":["GET"]}}],"collection":[{"href":"https:\/\/pafemtevaningen.com\/shop\/wp-json\/wp\/v2\/product"}],"about":[{"href":"https:\/\/pafemtevaningen.com\/shop\/wp-json\/wp\/v2\/types\/product"}],"wp:featuredmedia":[{"embeddable":true,"href":"https:\/\/pafemtevaningen.com\/shop\/wp-json\/wp\/v2\/media\/1574"}],"wp:attachment":[{"href":"https:\/\/pafemtevaningen.com\/shop\/wp-json\/wp\/v2\/media?parent=1573"}],"wp:term":[{"taxonomy":"product_cat","embeddable":true,"href":"https:\/\/pafemtevaningen.com\/shop\/wp-json\/wp\/v2\/product_cat?post=1573"},{"taxonomy":"product_tag","embeddable":true,"href":"https:\/\/pafemtevaningen.com\/shop\/wp-json\/wp\/v2\/product_tag?post=1573"}],"curies":[{"name":"wp","href":"https:\/\/api.w.org\/{rel}","templated":true}]}}