{"id":1400,"date":"2020-03-24T19:26:51","date_gmt":"2020-03-24T19:26:51","guid":{"rendered":"https:\/\/pafemtevaningen.com\/shop\/product\/a-cut-yellow-tahti-vase-aimo-okkolin-riihimaen-lasi\/"},"modified":"2023-05-11T08:27:29","modified_gmt":"2023-05-11T08:27:29","slug":"a-cut-yellow-tahti-vase-aimo-okkolin-riihimaen-lasi","status":"publish","type":"product","link":"https:\/\/pafemtevaningen.com\/shop\/product\/a-cut-yellow-tahti-vase-aimo-okkolin-riihimaen-lasi\/","title":{"rendered":"A yellow cut crystal T\u00e4hti vase. Aimo Okkolin. Riihim\u00e4en Lasi."},"content":{"rendered":"","protected":false},"excerpt":{"rendered":"<p>A yellow cut crystal T\u00e4hti (star) vase. Aimo Okkolin for Riihim\u00e4en Lasi, Finland.<\/p>\n<p>H\/W 9.5\/16 cm (3.7\/6.3 in). Weight 1350 g.<\/p>\n<p>Marked \u201dAimo Okkolin Riihim\u00e4en Lasi Oy\u201d and marked with label.<\/p>\n<p>Condition: Very good.<\/p>\n","protected":false},"featured_media":1401,"template":"","meta":[],"product_cat":[30],"product_tag":[686,62,131,687,688,44,253],"class_list":["post-1400","product","type-product","status-publish","has-post-thumbnail","hentry","product_cat-sold","product_tag-aimo-okkolin","product_tag-maljakko","product_tag-riihimaen-lasi","product_tag-star","product_tag-tahti","product_tag-vase","product_tag-yellow"],"_links":{"self":[{"href":"https:\/\/pafemtevaningen.com\/shop\/wp-json\/wp\/v2\/product\/1400","targetHints":{"allow":["GET"]}}],"collection":[{"href":"https:\/\/pafemtevaningen.com\/shop\/wp-json\/wp\/v2\/product"}],"about":[{"href":"https:\/\/pafemtevaningen.com\/shop\/wp-json\/wp\/v2\/types\/product"}],"wp:featuredmedia":[{"embeddable":true,"href":"https:\/\/pafemtevaningen.com\/shop\/wp-json\/wp\/v2\/media\/1401"}],"wp:attachment":[{"href":"https:\/\/pafemtevaningen.com\/shop\/wp-json\/wp\/v2\/media?parent=1400"}],"wp:term":[{"taxonomy":"product_cat","embeddable":true,"href":"https:\/\/pafemtevaningen.com\/shop\/wp-json\/wp\/v2\/product_cat?post=1400"},{"taxonomy":"product_tag","embeddable":true,"href":"https:\/\/pafemtevaningen.com\/shop\/wp-json\/wp\/v2\/product_tag?post=1400"}],"curies":[{"name":"wp","href":"https:\/\/api.w.org\/{rel}","templated":true}]}}