{"id":1308,"date":"2020-01-18T15:28:58","date_gmt":"2020-01-18T15:28:58","guid":{"rendered":"https:\/\/pafemtevaningen.com\/shop\/product\/silver-bracelet-par-davik-alton\/"},"modified":"2023-05-11T08:24:25","modified_gmt":"2023-05-11T08:24:25","slug":"silver-bracelet-par-davik-alton","status":"publish","type":"product","link":"https:\/\/pafemtevaningen.com\/shop\/product\/silver-bracelet-par-davik-alton\/","title":{"rendered":"Silver bracelet. P\u00e4r D\u00e5vik. Alton."},"content":{"rendered":"","protected":false},"excerpt":{"rendered":"<p>Sterling silver bracelet. Per D\u00e5vik for Alton, Falk\u00f6ping 1973.<\/p>\n<p>L 198 mm (closed), width 32 mm. Weight 35.0 g.<\/p>\n<p>Marked \u201ddesign [Per D\u00e5vik signature]\u201d and \u201dAlton [town mark] [national mark] S Y9 sterling 925.<\/p>\n<p>Condition: Very good (minor wear consistent with age and use).<\/p>\n","protected":false},"featured_media":1309,"template":"","meta":[],"product_cat":[30],"product_tag":[655,656,657,321,658],"class_list":["post-1308","product","type-product","status-publish","has-post-thumbnail","hentry","product_cat-sold","product_tag-alton","product_tag-armband","product_tag-par-davik","product_tag-silver-bracelet","product_tag-silvrarmband"],"_links":{"self":[{"href":"https:\/\/pafemtevaningen.com\/shop\/wp-json\/wp\/v2\/product\/1308","targetHints":{"allow":["GET"]}}],"collection":[{"href":"https:\/\/pafemtevaningen.com\/shop\/wp-json\/wp\/v2\/product"}],"about":[{"href":"https:\/\/pafemtevaningen.com\/shop\/wp-json\/wp\/v2\/types\/product"}],"wp:featuredmedia":[{"embeddable":true,"href":"https:\/\/pafemtevaningen.com\/shop\/wp-json\/wp\/v2\/media\/1309"}],"wp:attachment":[{"href":"https:\/\/pafemtevaningen.com\/shop\/wp-json\/wp\/v2\/media?parent=1308"}],"wp:term":[{"taxonomy":"product_cat","embeddable":true,"href":"https:\/\/pafemtevaningen.com\/shop\/wp-json\/wp\/v2\/product_cat?post=1308"},{"taxonomy":"product_tag","embeddable":true,"href":"https:\/\/pafemtevaningen.com\/shop\/wp-json\/wp\/v2\/product_tag?post=1308"}],"curies":[{"name":"wp","href":"https:\/\/api.w.org\/{rel}","templated":true}]}}