{"id":1104,"date":"2019-04-03T09:04:37","date_gmt":"2019-04-03T09:04:37","guid":{"rendered":"https:\/\/pafemtevaningen.com\/shop\/product\/yellow-ochre-vase-carl-harry-stalhane-rorstrand\/"},"modified":"2023-05-11T08:18:25","modified_gmt":"2023-05-11T08:18:25","slug":"yellow-ochre-vase-carl-harry-stalhane-rorstrand","status":"publish","type":"product","link":"https:\/\/pafemtevaningen.com\/shop\/product\/yellow-ochre-vase-carl-harry-stalhane-rorstrand\/","title":{"rendered":"Yellow ochre vase. Carl Harry St\u00e5lhane. R\u00f6rstrand."},"content":{"rendered":"","protected":false},"excerpt":{"rendered":"<p>A yellow ochre vase. Carl-Harry St\u00e5lhane for R\u00f6rstrand.<\/p>\n<p>H 16 cm (6.3 in). Weight 190 g.<\/p>\n<p>Marked as pictured.<\/p>\n<p>Condition: Very good (a clustre of production related pores in glaze). First quality mark.<\/p>\n","protected":false},"featured_media":1105,"template":"","meta":[],"product_cat":[30],"product_tag":[349,574,180,43,44,575],"class_list":["post-1104","product","type-product","status-publish","has-post-thumbnail","hentry","product_cat-sold","product_tag-carl-harry-stalhane","product_tag-ochre","product_tag-rorstrand","product_tag-vas","product_tag-vase","product_tag-yelow"],"_links":{"self":[{"href":"https:\/\/pafemtevaningen.com\/shop\/wp-json\/wp\/v2\/product\/1104","targetHints":{"allow":["GET"]}}],"collection":[{"href":"https:\/\/pafemtevaningen.com\/shop\/wp-json\/wp\/v2\/product"}],"about":[{"href":"https:\/\/pafemtevaningen.com\/shop\/wp-json\/wp\/v2\/types\/product"}],"wp:featuredmedia":[{"embeddable":true,"href":"https:\/\/pafemtevaningen.com\/shop\/wp-json\/wp\/v2\/media\/1105"}],"wp:attachment":[{"href":"https:\/\/pafemtevaningen.com\/shop\/wp-json\/wp\/v2\/media?parent=1104"}],"wp:term":[{"taxonomy":"product_cat","embeddable":true,"href":"https:\/\/pafemtevaningen.com\/shop\/wp-json\/wp\/v2\/product_cat?post=1104"},{"taxonomy":"product_tag","embeddable":true,"href":"https:\/\/pafemtevaningen.com\/shop\/wp-json\/wp\/v2\/product_tag?post=1104"}],"curies":[{"name":"wp","href":"https:\/\/api.w.org\/{rel}","templated":true}]}}